{"id":305,"date":"2025-09-29T13:17:59","date_gmt":"2025-09-29T12:17:59","guid":{"rendered":"http:\/\/ethalis.fr\/?page_id=305"},"modified":"2026-03-24T10:06:48","modified_gmt":"2026-03-24T09:06:48","slug":"coaching","status":"publish","type":"page","link":"https:\/\/ethalis.fr\/index.php\/entreprise\/coaching\/","title":{"rendered":"M\u00e9thodologie et Objectifs\/ Tarifs"},"content":{"rendered":"\t\t<div data-elementor-type=\"wp-page\" data-elementor-id=\"305\" class=\"elementor elementor-305\">\n\t\t\t\t<div class=\"elementor-element elementor-element-ea9de2f e-flex e-con-boxed e-con e-parent\" data-id=\"ea9de2f\" data-element_type=\"container\" data-e-type=\"container\">\n\t\t\t\t\t<div class=\"e-con-inner\">\n\t\t\t\t<div class=\"elementor-element elementor-element-c94e252 elementor-widget elementor-widget-spacer\" data-id=\"c94e252\" data-element_type=\"widget\" data-e-type=\"widget\" data-widget_type=\"spacer.default\">\n\t\t\t\t\t\t\t<div class=\"elementor-spacer\">\n\t\t\t<div class=\"elementor-spacer-inner\"><\/div>\n\t\t<\/div>\n\t\t\t\t\t\t<\/div>\n\t\t\t\t<div class=\"elementor-element elementor-element-de338cb elementor-widget elementor-widget-image\" data-id=\"de338cb\" data-element_type=\"widget\" data-e-type=\"widget\" data-widget_type=\"image.default\">\n\t\t\t\t\t\t\t\t\t\t\t\t\t\t\t<img decoding=\"async\" width=\"300\" height=\"158\" src=\"https:\/\/ethalis.fr\/wp-content\/uploads\/2025\/10\/shaking-hands-2499618_1280-300x158.jpg\" class=\"attachment-medium size-medium wp-image-1004\" alt=\"\" srcset=\"https:\/\/ethalis.fr\/wp-content\/uploads\/2025\/10\/shaking-hands-2499618_1280-300x158.jpg 300w, https:\/\/ethalis.fr\/wp-content\/uploads\/2025\/10\/shaking-hands-2499618_1280-1024x538.jpg 1024w, https:\/\/ethalis.fr\/wp-content\/uploads\/2025\/10\/shaking-hands-2499618_1280-768x403.jpg 768w, https:\/\/ethalis.fr\/wp-content\/uploads\/2025\/10\/shaking-hands-2499618_1280.jpg 1280w\" sizes=\"(max-width: 300px) 100vw, 300px\" \/>\t\t\t\t\t\t\t\t\t\t\t\t\t\t\t<\/div>\n\t\t\t\t<div class=\"elementor-element elementor-element-2ef46f9 elementor-widget elementor-widget-spacer\" data-id=\"2ef46f9\" data-element_type=\"widget\" data-e-type=\"widget\" data-widget_type=\"spacer.default\">\n\t\t\t\t\t\t\t<div class=\"elementor-spacer\">\n\t\t\t<div class=\"elementor-spacer-inner\"><\/div>\n\t\t<\/div>\n\t\t\t\t\t\t<\/div>\n\t\t\t\t<div class=\"elementor-element elementor-element-932bf4c elementor-widget elementor-widget-heading\" data-id=\"932bf4c\" data-element_type=\"widget\" data-e-type=\"widget\" data-widget_type=\"heading.default\">\n\t\t\t\t\t<h2 class=\"elementor-heading-title elementor-size-default\">Coaching Professionnel : Strat\u00e9gie Anti-Burnout et QVT pour le Secteur M\u00e9dico-Social<\/h2>\t\t\t\t<\/div>\n\t\t\t\t<div class=\"elementor-element elementor-element-b93c01a elementor-widget elementor-widget-spacer\" data-id=\"b93c01a\" data-element_type=\"widget\" data-e-type=\"widget\" data-widget_type=\"spacer.default\">\n\t\t\t\t\t\t\t<div class=\"elementor-spacer\">\n\t\t\t<div class=\"elementor-spacer-inner\"><\/div>\n\t\t<\/div>\n\t\t\t\t\t\t<\/div>\n\t\t\t\t<div class=\"elementor-element elementor-element-045de62 elementor-widget elementor-widget-heading\" data-id=\"045de62\" data-element_type=\"widget\" data-e-type=\"widget\" data-widget_type=\"heading.default\">\n\t\t\t\t\t<h3 class=\"elementor-heading-title elementor-size-default\">Un levier de d\u00e9veloppement et de qualit\u00e9 de vie au travail<\/h3>\t\t\t\t<\/div>\n\t\t\t\t<div class=\"elementor-element elementor-element-b3fc781 elementor-widget elementor-widget-text-editor\" data-id=\"b3fc781\" data-element_type=\"widget\" data-e-type=\"widget\" data-widget_type=\"text-editor.default\">\n\t\t\t\t\t\t\t\t\t<p>Le <strong>coaching professionnel<\/strong> s\u2019adresse \u00e0 toute organisation ou salari\u00e9 souhaitant prendre du recul, d\u00e9passer une difficult\u00e9, accompagner une transition ou renforcer la posture professionnelle.<br \/>C\u2019est un <strong>outil puissant au service de la performance durable, du bien-\u00eatre au travail et de l\u2019autonomie<\/strong> des collaborateurs.<\/p><p><strong>Pour l\u2019employeur, financer un coaching est un investissement strat\u00e9gique dans le capital humain ; pour le salari\u00e9, c&rsquo;est un cadeau pr\u00e9cieux, un gage de confiance et de reconnaissance de sa valeur au sein de l\u2019organisation.<\/strong><\/p>\t\t\t\t\t\t\t\t<\/div>\n\t\t\t\t<div class=\"elementor-element elementor-element-7e1ebb3 elementor-widget elementor-widget-heading\" data-id=\"7e1ebb3\" data-element_type=\"widget\" data-e-type=\"widget\" data-widget_type=\"heading.default\">\n\t\t\t\t\t<h3 class=\"elementor-heading-title elementor-size-default\">Une co-responsabilit\u00e9, une relation d\u2019\u00e9gal \u00e0 \u00e9gal\n<\/h3>\t\t\t\t<\/div>\n\t\t\t\t\t<\/div>\n\t\t\t\t<\/div>\n\t\t<div class=\"elementor-element elementor-element-dd82602 e-flex e-con-boxed e-con e-parent\" data-id=\"dd82602\" data-element_type=\"container\" data-e-type=\"container\">\n\t\t\t\t\t<div class=\"e-con-inner\">\n\t\t\t\t<div class=\"elementor-element elementor-element-fdae0d6 elementor-widget elementor-widget-text-editor\" data-id=\"fdae0d6\" data-element_type=\"widget\" data-e-type=\"widget\" data-widget_type=\"text-editor.default\">\n\t\t\t\t\t\t\t\t\t<p>Le <strong>coaching<\/strong> repose sur une <strong>relation collaborative<\/strong> : le coach <strong>n\u2019est ni un conseiller, ni un expert qui agit \u00e0 la place de l\u2019autre<\/strong>, mais un <strong>facilitateur<\/strong>, qui propose un <strong>cadre structur\u00e9, bienveillant et confidentiel<\/strong>.<\/p><p>Il aide la personne accompagn\u00e9e \u00e0 :<\/p>\t\t\t\t\t\t\t\t<\/div>\n\t\t\t\t<div class=\"elementor-element elementor-element-fe512bb elementor-icon-list--layout-traditional elementor-list-item-link-full_width elementor-widget elementor-widget-icon-list\" data-id=\"fe512bb\" data-element_type=\"widget\" data-e-type=\"widget\" data-widget_type=\"icon-list.default\">\n\t\t\t\t\t\t\t<ul class=\"elementor-icon-list-items\">\n\t\t\t\t\t\t\t<li class=\"elementor-icon-list-item\">\n\t\t\t\t\t\t\t\t\t\t\t<span class=\"elementor-icon-list-icon\">\n\t\t\t\t\t\t\t<i aria-hidden=\"true\" class=\"icon icon-check\"><\/i>\t\t\t\t\t\t<\/span>\n\t\t\t\t\t\t\t\t\t\t<span class=\"elementor-icon-list-text\">Clarifier ses Objectifs profesionnels<\/span>\n\t\t\t\t\t\t\t\t\t<\/li>\n\t\t\t\t\t\t\t\t<li class=\"elementor-icon-list-item\">\n\t\t\t\t\t\t\t\t\t\t\t<span class=\"elementor-icon-list-icon\">\n\t\t\t\t\t\t\t<i aria-hidden=\"true\" class=\"icon icon-check\"><\/i>\t\t\t\t\t\t<\/span>\n\t\t\t\t\t\t\t\t\t\t<span class=\"elementor-icon-list-text\">Mobiliser ses ressources internes <\/span>\n\t\t\t\t\t\t\t\t\t<\/li>\n\t\t\t\t\t\t\t\t<li class=\"elementor-icon-list-item\">\n\t\t\t\t\t\t\t\t\t\t\t<span class=\"elementor-icon-list-icon\">\n\t\t\t\t\t\t\t<svg aria-hidden=\"true\" class=\"e-font-icon-svg e-fas-chevron-down\" viewBox=\"0 0 448 512\" xmlns=\"http:\/\/www.w3.org\/2000\/svg\"><path d=\"M207.029 381.476L12.686 187.132c-9.373-9.373-9.373-24.569 0-33.941l22.667-22.667c9.357-9.357 24.522-9.375 33.901-.04L224 284.505l154.745-154.021c9.379-9.335 24.544-9.317 33.901.04l22.667 22.667c9.373 9.373 9.373 24.569 0 33.941L240.971 381.476c-9.373 9.372-24.569 9.372-33.942 0z\"><\/path><\/svg>\t\t\t\t\t\t<\/span>\n\t\t\t\t\t\t\t\t\t\t<span class=\"elementor-icon-list-text\">Prendre des d\u00e9cisions align\u00e9es avec ses valeurs et son r\u00f4le.<\/span>\n\t\t\t\t\t\t\t\t\t<\/li>\n\t\t\t\t\t\t<\/ul>\n\t\t\t\t\t\t<\/div>\n\t\t\t\t<div class=\"elementor-element elementor-element-932392c elementor-widget elementor-widget-text-editor\" data-id=\"932392c\" data-element_type=\"widget\" data-e-type=\"widget\" data-widget_type=\"text-editor.default\">\n\t\t\t\t\t\t\t\t\t<p>Dans cette d\u00e9marche, <strong>le coach\u00e9 reste l\u2019acteur principal du changement<\/strong> :<br \/>&#8211; il choisit les sujets, engage les actions, d\u00e9termine le rythme.<br \/>&#8211; Le coaching n\u2019est efficace que si la personne est <strong>volontaire, engag\u00e9e et pr\u00eate \u00e0 se questionner<\/strong>.<\/p>\t\t\t\t\t\t\t\t<\/div>\n\t\t\t\t<div class=\"elementor-element elementor-element-954f0f7 elementor-widget elementor-widget-heading\" data-id=\"954f0f7\" data-element_type=\"widget\" data-e-type=\"widget\" data-widget_type=\"heading.default\">\n\t\t\t\t\t<h3 class=\"elementor-heading-title elementor-size-default\">Une relation de confiance, sans hi\u00e9rarchie\n<\/h3>\t\t\t\t<\/div>\n\t\t\t\t<div class=\"elementor-element elementor-element-9129c1f elementor-widget elementor-widget-text-editor\" data-id=\"9129c1f\" data-element_type=\"widget\" data-e-type=\"widget\" data-widget_type=\"text-editor.default\">\n\t\t\t\t\t\t\t\t\t<p>Le <strong>coaching professionnel<\/strong> repose sur une posture d\u2019\u00e9galit\u00e9 et de non-jugement.<br \/>Le coach et le coach\u00e9 sont deux partenaires dans une <strong>relation d\u2019\u00e9coute, de respect mutuel et de confidentialit\u00e9<\/strong>.<br \/>C\u2019est un espace d\u2019exploration et de d\u00e9veloppement o\u00f9 chacun peut s\u2019exprimer librement, sans enjeu hi\u00e9rarchique.<\/p>\t\t\t\t\t\t\t\t<\/div>\n\t\t\t\t<div class=\"elementor-element elementor-element-3cd11d6 elementor-widget elementor-widget-heading\" data-id=\"3cd11d6\" data-element_type=\"widget\" data-e-type=\"widget\" data-widget_type=\"heading.default\">\n\t\t\t\t\t<h3 class=\"elementor-heading-title elementor-size-default\">Confidentialit\u00e9 et cadre d\u00e9ontologique<\/h3>\t\t\t\t<\/div>\n\t\t\t\t<div class=\"elementor-element elementor-element-ab6beaf elementor-widget elementor-widget-text-editor\" data-id=\"ab6beaf\" data-element_type=\"widget\" data-e-type=\"widget\" data-widget_type=\"text-editor.default\">\n\t\t\t\t\t\t\t\t\t<p>M\u00eame lorsqu\u2019il est financ\u00e9 par l\u2019entreprise, <strong>le contenu des s\u00e9ances reste strictement confidentiel<\/strong>.<br \/>Aucune information n\u2019est transmise \u00e0 l\u2019employeur sans l\u2019accord explicite du collaborateur.<br \/>Ce respect du <strong>secret professionnel<\/strong> est une condition essentielle \u00e0 un travail sinc\u00e8re et en profondeur.<br \/>\u00c9talis applique les r\u00e8gles de <strong>d\u00e9ontologie<\/strong> reconnues par les organismes certifiants du <strong>RNCP<\/strong>.<\/p>\t\t\t\t\t\t\t\t<\/div>\n\t\t\t\t<div class=\"elementor-element elementor-element-6a5a34e elementor-widget elementor-widget-heading\" data-id=\"6a5a34e\" data-element_type=\"widget\" data-e-type=\"widget\" data-widget_type=\"heading.default\">\n\t\t\t\t\t<h3 class=\"elementor-heading-title elementor-size-default\">Un acte responsable de la part de l\u2019employeur<\/h3>\t\t\t\t<\/div>\n\t\t\t\t<div class=\"elementor-element elementor-element-557477e elementor-widget elementor-widget-text-editor\" data-id=\"557477e\" data-element_type=\"widget\" data-e-type=\"widget\" data-widget_type=\"text-editor.default\">\n\t\t\t\t\t\t\t\t\t<p>Proposer un <strong>coaching \u00e0 un collaborateur<\/strong> n\u2019est pas un signe de faiblesse, mais un <strong>investissement humain et strat\u00e9gique<\/strong>.<br \/>C\u2019est un <strong>acte de reconnaissance<\/strong>, qui permet :<\/p>\t\t\t\t\t\t\t\t<\/div>\n\t\t\t\t<div class=\"elementor-element elementor-element-3c3f438 elementor-icon-list--layout-traditional elementor-list-item-link-full_width elementor-widget elementor-widget-icon-list\" data-id=\"3c3f438\" data-element_type=\"widget\" data-e-type=\"widget\" data-widget_type=\"icon-list.default\">\n\t\t\t\t\t\t\t<ul class=\"elementor-icon-list-items\">\n\t\t\t\t\t\t\t<li class=\"elementor-icon-list-item\">\n\t\t\t\t\t\t\t\t\t\t\t<span class=\"elementor-icon-list-icon\">\n\t\t\t\t\t\t\t<i aria-hidden=\"true\" class=\"icon icon-check\"><\/i>\t\t\t\t\t\t<\/span>\n\t\t\t\t\t\t\t\t\t\t<span class=\"elementor-icon-list-text\">de pr\u00e9venir les risques d\u2019\u00e9puisement professionnel ou de rupture,<\/span>\n\t\t\t\t\t\t\t\t\t<\/li>\n\t\t\t\t\t\t\t\t<li class=\"elementor-icon-list-item\">\n\t\t\t\t\t\t\t\t\t\t\t<span class=\"elementor-icon-list-icon\">\n\t\t\t\t\t\t\t<i aria-hidden=\"true\" class=\"icon icon-check\"><\/i>\t\t\t\t\t\t<\/span>\n\t\t\t\t\t\t\t\t\t\t<span class=\"elementor-icon-list-text\">d\u2019accompagner une prise de poste ou un changement de mission,<\/span>\n\t\t\t\t\t\t\t\t\t<\/li>\n\t\t\t\t\t\t\t\t<li class=\"elementor-icon-list-item\">\n\t\t\t\t\t\t\t\t\t\t\t<span class=\"elementor-icon-list-icon\">\n\t\t\t\t\t\t\t<i aria-hidden=\"true\" class=\"icon icon-check\"><\/i>\t\t\t\t\t\t<\/span>\n\t\t\t\t\t\t\t\t\t\t<span class=\"elementor-icon-list-text\">de favoriser l\u2019\u00e9panouissement et l\u2019engagement au travail,<\/span>\n\t\t\t\t\t\t\t\t\t<\/li>\n\t\t\t\t\t\t\t\t<li class=\"elementor-icon-list-item\">\n\t\t\t\t\t\t\t\t\t\t\t<span class=\"elementor-icon-list-icon\">\n\t\t\t\t\t\t\t<svg aria-hidden=\"true\" class=\"e-font-icon-svg e-fas-check\" viewBox=\"0 0 512 512\" xmlns=\"http:\/\/www.w3.org\/2000\/svg\"><path d=\"M173.898 439.404l-166.4-166.4c-9.997-9.997-9.997-26.206 0-36.204l36.203-36.204c9.997-9.998 26.207-9.998 36.204 0L192 312.69 432.095 72.596c9.997-9.997 26.207-9.997 36.204 0l36.203 36.204c9.997 9.997 9.997 26.206 0 36.204l-294.4 294.401c-9.998 9.997-26.207 9.997-36.204-.001z\"><\/path><\/svg>\t\t\t\t\t\t<\/span>\n\t\t\t\t\t\t\t\t\t\t<span class=\"elementor-icon-list-text\">de soutenir une r\u00e9flexion de carri\u00e8re ou une transition professionnelle<\/span>\n\t\t\t\t\t\t\t\t\t<\/li>\n\t\t\t\t\t\t<\/ul>\n\t\t\t\t\t\t<\/div>\n\t\t\t\t<div class=\"elementor-element elementor-element-78af940 elementor-widget elementor-widget-text-editor\" data-id=\"78af940\" data-element_type=\"widget\" data-e-type=\"widget\" data-widget_type=\"text-editor.default\">\n\t\t\t\t\t\t\t\t\t<p>C\u2019est \u00e9galement un <strong>levier puissant de qualit\u00e9 de vie au travail<\/strong>, particuli\u00e8rement pertinent dans les environnements complexes du <strong>secteur m\u00e9dico-social, associatif ou public<\/strong><\/p>\t\t\t\t\t\t\t\t<\/div>\n\t\t\t\t<div class=\"elementor-element elementor-element-ba2ad19 elementor-widget elementor-widget-heading\" data-id=\"ba2ad19\" data-element_type=\"widget\" data-e-type=\"widget\" data-widget_type=\"heading.default\">\n\t\t\t\t\t<h3 class=\"elementor-heading-title elementor-size-default\">   Un premier contact gratuit et sans engagement<\/h3>\t\t\t\t<\/div>\n\t\t\t\t<div class=\"elementor-element elementor-element-a1c22d6 elementor-widget elementor-widget-text-editor\" data-id=\"a1c22d6\" data-element_type=\"widget\" data-e-type=\"widget\" data-widget_type=\"text-editor.default\">\n\t\t\t\t\t\t\t\t\t<p>Pour toute demande de <strong>coaching professionnel<\/strong>, nous vous proposons un <strong>entretien t\u00e9l\u00e9phonique gratuit de 30 minutes<\/strong>.<br \/>Cet \u00e9change permet :<\/p>\t\t\t\t\t\t\t\t<\/div>\n\t\t\t\t<div class=\"elementor-element elementor-element-cb09fe0 elementor-icon-list--layout-traditional elementor-list-item-link-full_width elementor-widget elementor-widget-icon-list\" data-id=\"cb09fe0\" data-element_type=\"widget\" data-e-type=\"widget\" data-widget_type=\"icon-list.default\">\n\t\t\t\t\t\t\t<ul class=\"elementor-icon-list-items\">\n\t\t\t\t\t\t\t<li class=\"elementor-icon-list-item\">\n\t\t\t\t\t\t\t\t\t\t\t<span class=\"elementor-icon-list-icon\">\n\t\t\t\t\t\t\t<i aria-hidden=\"true\" class=\"icon icon-check\"><\/i>\t\t\t\t\t\t<\/span>\n\t\t\t\t\t\t\t\t\t\t<span class=\"elementor-icon-list-text\">de cerner les besoins de l\u2019organisation ou du collaborateur,<\/span>\n\t\t\t\t\t\t\t\t\t<\/li>\n\t\t\t\t\t\t\t\t<li class=\"elementor-icon-list-item\">\n\t\t\t\t\t\t\t\t\t\t\t<span class=\"elementor-icon-list-icon\">\n\t\t\t\t\t\t\t<i aria-hidden=\"true\" class=\"icon icon-check\"><\/i>\t\t\t\t\t\t<\/span>\n\t\t\t\t\t\t\t\t\t\t<span class=\"elementor-icon-list-text\">de d\u00e9finir les objectifs de l\u2019accompagnement<\/span>\n\t\t\t\t\t\t\t\t\t<\/li>\n\t\t\t\t\t\t\t\t<li class=\"elementor-icon-list-item\">\n\t\t\t\t\t\t\t\t\t\t\t<span class=\"elementor-icon-list-icon\">\n\t\t\t\t\t\t\t<i aria-hidden=\"true\" class=\"icon icon-check\"><\/i>\t\t\t\t\t\t<\/span>\n\t\t\t\t\t\t\t\t\t\t<span class=\"elementor-icon-list-text\">de poser les modalit\u00e9s de l\u2019intervention (format, dur\u00e9e, lieu, tarif, financement).<\/span>\n\t\t\t\t\t\t\t\t\t<\/li>\n\t\t\t\t\t\t<\/ul>\n\t\t\t\t\t\t<\/div>\n\t\t\t\t<div class=\"elementor-element elementor-element-bafe5f6 elementor-widget elementor-widget-text-editor\" data-id=\"bafe5f6\" data-element_type=\"widget\" data-e-type=\"widget\" data-widget_type=\"text-editor.default\">\n\t\t\t\t\t\t\t\t\t<p>Un <strong>rendez-vous physique ou visio<\/strong> est ensuite propos\u00e9 pour affiner et contractualiser l\u2019accompagnement.<\/p>\t\t\t\t\t\t\t\t<\/div>\n\t\t\t\t<div class=\"elementor-element elementor-element-660853a elementor-widget elementor-widget-heading\" data-id=\"660853a\" data-element_type=\"widget\" data-e-type=\"widget\" data-widget_type=\"heading.default\">\n\t\t\t\t\t<h3 class=\"elementor-heading-title elementor-size-default\">Un tarif adapt\u00e9 au secteur m\u00e9dico-social<\/h3>\t\t\t\t<\/div>\n\t\t\t\t<div class=\"elementor-element elementor-element-ec25b99 elementor-widget elementor-widget-text-editor\" data-id=\"ec25b99\" data-element_type=\"widget\" data-e-type=\"widget\" data-widget_type=\"text-editor.default\">\n\t\t\t\t\t\t\t\t\t<p>Conscients des r\u00e9alit\u00e9s financi\u00e8res auxquelles sont confront\u00e9es les <strong>structures m\u00e9dical, m\u00e9dico-sociales, associatives ou \u00e0 but non lucratif<\/strong>, nous appliquons des <strong>tarifs sp\u00e9cifiques pr\u00e9f\u00e9rentiels<\/strong>.<br \/>Cette politique tarifaire vise \u00e0 <strong>rendre le coaching accessible<\/strong> sans compromettre la qualit\u00e9 de l&rsquo;accompagnement.<\/p>\t\t\t\t\t\t\t\t<\/div>\n\t\t\t\t<div class=\"elementor-element elementor-element-509d83d elementor-widget elementor-widget-text-editor\" data-id=\"509d83d\" data-element_type=\"widget\" data-e-type=\"widget\" data-widget_type=\"text-editor.default\">\n\t\t\t\t\t\t\t\t\t<table><thead><tr><td><p>Cat\u00e9gorie de Coach\u00e9<\/p><\/td><td><p>Modalit\u00e9<\/p><\/td><td><p><strong>Tarif Propos\u00e9 (HT)<\/strong><\/p><\/td><td><p>Objectif Principal et Justification<\/p><\/td><\/tr><\/thead><tbody><tr><td><p><strong>Cadres, Managers, Encadrement<\/strong><\/p><\/td><td><p>S\u00e9ance individuelle (1h30)<\/p><\/td><td><p><strong>200 \u20ac HT<\/strong><\/p><\/td><td><p>Accompagnement strat\u00e9gique sur la posture, la prise de d\u00e9cision et la gestion d&rsquo;\u00e9quipe.<\/p><\/td><\/tr><tr><td><p><strong>Professionnels de Terrain (Non-Cadres)<\/strong><\/p><\/td><td><p>S\u00e9ance individuelle (1h30)<\/p><\/td><td><p><strong>130 \u20ac HT<\/strong><\/p><\/td><td><p><strong>Prix r\u00e9duit<\/strong> pour faciliter la pr\u00e9vention du stress et du burnout des \u00e9quipes de premi\u00e8re ligne.<\/p><\/td><\/tr><tr><td><p><strong>Option Visio<\/strong> (pour toutes cat\u00e9gories)<\/p><\/td><td><p>La s\u00e9ance (1h30)<\/p><\/td><td><p><strong>90 \u20ac HT<\/strong><\/p><\/td><td><p>Optimisation logistique. Id\u00e9al pour un suivi r\u00e9gulier sans frais de d\u00e9placement.<\/p><\/td><\/tr><\/tbody><\/table>\t\t\t\t\t\t\t\t<\/div>\n\t\t\t\t<div class=\"elementor-element elementor-element-ca35435 elementor-widget elementor-widget-text-editor\" data-id=\"ca35435\" data-element_type=\"widget\" data-e-type=\"widget\" data-widget_type=\"text-editor.default\">\n\t\t\t\t\t\t\t\t\t<p><strong>* Pr\u00e9sentiel :<\/strong> Le tarif en pr\u00e9sentiel (Cadres : 220 \u20ac HT \/ Non-Cadres : 130 \u20ac HT) N&rsquo;inclut pas les frais de d\u00e9placement.&nbsp;<\/p>\t\t\t\t\t\t\t\t<\/div>\n\t\t\t\t<div class=\"elementor-element elementor-element-837536f elementor-widget elementor-widget-text-editor\" data-id=\"837536f\" data-element_type=\"widget\" data-e-type=\"widget\" data-widget_type=\"text-editor.default\">\n\t\t\t\t\t\t\t\t\t<p><strong>* Forfaits D\u00e9gressifs :<\/strong> Pour les missions concernant plusieurs collaborateurs, un <strong>forfait global sera \u00e9tabli sur devis<\/strong>, incluant un tarif d\u00e9gressif.<\/p>\t\t\t\t\t\t\t\t<\/div>\n\t\t\t\t<div class=\"elementor-element elementor-element-f1a6856 elementor-widget elementor-widget-text-editor\" data-id=\"f1a6856\" data-element_type=\"widget\" data-e-type=\"widget\" data-widget_type=\"text-editor.default\">\n\t\t\t\t\t\t\t\t\t<p><strong>* Associations de moins de 15 salari\u00e9s:<\/strong>\u00a0 prenez contact pour un devis adapt\u00e9<\/p>\t\t\t\t\t\t\t\t<\/div>\n\t\t\t\t<div class=\"elementor-element elementor-element-c8b6522 elementor-widget elementor-widget-heading\" data-id=\"c8b6522\" data-element_type=\"widget\" data-e-type=\"widget\" data-widget_type=\"heading.default\">\n\t\t\t\t\t<h3 class=\"elementor-heading-title elementor-size-default\">\ud83d\udce9 Contactez-nous pour une proposition sur-mesure<\/h3>\t\t\t\t<\/div>\n\t\t\t\t<div class=\"elementor-element elementor-element-0d9da24 elementor-widget elementor-widget-text-editor\" data-id=\"0d9da24\" data-element_type=\"widget\" data-e-type=\"widget\" data-widget_type=\"text-editor.default\">\n\t\t\t\t\t\t\t\t\t<p>Vous \u00eates employeur, RH ou salari\u00e9 et vous souhaitez explorer un projet de <strong>coaching individuel <\/strong>?<br \/>Contactez-nous d\u00e8s maintenant : nous prendrons le temps d\u2019\u00e9tudier votre situation et de vous proposer une <strong>r\u00e9ponse personnalis\u00e9e<\/strong> et adapt\u00e9e \u00e0 votre structure.<\/p><p>\u27a1\ufe0f <strong>Co-construisons un accompagnement qui respecte vos besoins, vos valeurs et vos enjeux.<\/strong><\/p>\t\t\t\t\t\t\t\t<\/div>\n\t\t\t\t<div class=\"elementor-element elementor-element-48d4c47 elementor-align-center elementor-widget elementor-widget-button\" data-id=\"48d4c47\" data-element_type=\"widget\" data-e-type=\"widget\" data-widget_type=\"button.default\">\n\t\t\t\t\t\t\t\t\t\t<a class=\"elementor-button elementor-button-link elementor-size-sm\" href=\"https:\/\/ethalis.fr\/index.php\/contact-us\/\">\n\t\t\t\t\t\t<span class=\"elementor-button-content-wrapper\">\n\t\t\t\t\t\t\t\t\t<span class=\"elementor-button-text\">CONTACT<\/span>\n\t\t\t\t\t<\/span>\n\t\t\t\t\t<\/a>\n\t\t\t\t\t\t\t\t<\/div>\n\t\t\t\t\t<\/div>\n\t\t\t\t<\/div>\n\t\t\t\t<\/div>\n\t\t","protected":false},"excerpt":{"rendered":"<p>Coaching Professionnel : Strat\u00e9gie Anti-Burnout et QVT pour le Secteur M\u00e9dico-Social Un levier de d\u00e9veloppement et de qualit\u00e9 de vie au travail Le coaching professionnel s\u2019adresse \u00e0 toute organisation ou salari\u00e9 souhaitant prendre du recul, d\u00e9passer une difficult\u00e9, accompagner une transition ou renforcer la posture professionnelle.C\u2019est un outil puissant au service de la performance durable, [&hellip;]<\/p>\n","protected":false},"author":2,"featured_media":0,"parent":79,"menu_order":0,"comment_status":"closed","ping_status":"closed","template":"elementor_header_footer","meta":{"footnotes":""},"class_list":["post-305","page","type-page","status-publish","hentry"],"_links":{"self":[{"href":"https:\/\/ethalis.fr\/index.php\/wp-json\/wp\/v2\/pages\/305","targetHints":{"allow":["GET"]}}],"collection":[{"href":"https:\/\/ethalis.fr\/index.php\/wp-json\/wp\/v2\/pages"}],"about":[{"href":"https:\/\/ethalis.fr\/index.php\/wp-json\/wp\/v2\/types\/page"}],"author":[{"embeddable":true,"href":"https:\/\/ethalis.fr\/index.php\/wp-json\/wp\/v2\/users\/2"}],"replies":[{"embeddable":true,"href":"https:\/\/ethalis.fr\/index.php\/wp-json\/wp\/v2\/comments?post=305"}],"version-history":[{"count":68,"href":"https:\/\/ethalis.fr\/index.php\/wp-json\/wp\/v2\/pages\/305\/revisions"}],"predecessor-version":[{"id":1398,"href":"https:\/\/ethalis.fr\/index.php\/wp-json\/wp\/v2\/pages\/305\/revisions\/1398"}],"up":[{"embeddable":true,"href":"https:\/\/ethalis.fr\/index.php\/wp-json\/wp\/v2\/pages\/79"}],"wp:attachment":[{"href":"https:\/\/ethalis.fr\/index.php\/wp-json\/wp\/v2\/media?parent=305"}],"curies":[{"name":"wp","href":"https:\/\/api.w.org\/{rel}","templated":true}]}}