{"id":858,"date":"2025-10-15T18:18:58","date_gmt":"2025-10-15T17:18:58","guid":{"rendered":"https:\/\/ethalis.fr\/?page_id=858"},"modified":"2026-03-24T10:38:50","modified_gmt":"2026-03-24T09:38:50","slug":"externalisation-de-direction","status":"publish","type":"page","link":"https:\/\/ethalis.fr\/index.php\/externalisation-de-direction\/","title":{"rendered":"EXTERNALISATION DE DIRECTION"},"content":{"rendered":"\t\t<div data-elementor-type=\"wp-page\" data-elementor-id=\"858\" class=\"elementor elementor-858\">\n\t\t\t\t\t\t<section class=\"elementor-section elementor-top-section elementor-element elementor-element-87be207 elementor-section-boxed elementor-section-height-default elementor-section-height-default\" data-id=\"87be207\" data-element_type=\"section\" data-e-type=\"section\">\n\t\t\t\t\t\t<div class=\"elementor-container elementor-column-gap-default\">\n\t\t\t\t\t<div class=\"elementor-column elementor-col-100 elementor-top-column elementor-element elementor-element-e8f91a2\" data-id=\"e8f91a2\" data-element_type=\"column\" data-e-type=\"column\">\n\t\t\t<div class=\"elementor-widget-wrap elementor-element-populated\">\n\t\t\t\t\t\t<section class=\"elementor-section elementor-inner-section elementor-element elementor-element-acc56f7 elementor-section-boxed elementor-section-height-default elementor-section-height-default\" data-id=\"acc56f7\" data-element_type=\"section\" data-e-type=\"section\">\n\t\t\t\t\t\t<div class=\"elementor-container elementor-column-gap-wide\">\n\t\t\t\t\t<div class=\"elementor-column elementor-col-50 elementor-inner-column elementor-element elementor-element-da7ddcd elementor-invisible\" data-id=\"da7ddcd\" data-element_type=\"column\" data-e-type=\"column\" data-settings=\"{&quot;animation&quot;:&quot;zoomIn&quot;}\">\n\t\t\t<div class=\"elementor-widget-wrap elementor-element-populated\">\n\t\t\t\t\t\t<div class=\"elementor-element elementor-element-ede28c6 elementor-widget elementor-widget-image\" data-id=\"ede28c6\" data-element_type=\"widget\" data-e-type=\"widget\" data-widget_type=\"image.default\">\n\t\t\t\t\t\t\t\t\t\t\t\t\t\t\t<img decoding=\"async\" src=\"https:\/\/ethalis.fr\/wp-content\/uploads\/elementor\/thumbs\/representation-d-une-personne-portant-un-fardeau-scaled-rf1msluf2jgky8hc7x9lirs60oa39tk0pox16whfvk.jpg\" title=\"representation-d-une-personne-portant-un-fardeau\" alt=\"representation-d-une-personne-portant-un-fardeau\" loading=\"lazy\" \/>\t\t\t\t\t\t\t\t\t\t\t\t\t\t\t<\/div>\n\t\t\t\t\t<\/div>\n\t\t<\/div>\n\t\t\t\t<div class=\"elementor-column elementor-col-50 elementor-inner-column elementor-element elementor-element-c3e1951 elementor-invisible\" data-id=\"c3e1951\" data-element_type=\"column\" data-e-type=\"column\" data-settings=\"{&quot;animation&quot;:&quot;zoomIn&quot;}\">\n\t\t\t<div class=\"elementor-widget-wrap elementor-element-populated\">\n\t\t\t\t\t\t<div class=\"elementor-element elementor-element-212a1e9 elementor-widget elementor-widget-image\" data-id=\"212a1e9\" data-element_type=\"widget\" data-e-type=\"widget\" data-widget_type=\"image.default\">\n\t\t\t\t\t\t\t\t\t\t\t\t\t\t\t<img fetchpriority=\"high\" decoding=\"async\" width=\"1280\" height=\"731\" src=\"https:\/\/ethalis.fr\/wp-content\/uploads\/2025\/10\/ai-generated-9219369_1280.jpg\" class=\"attachment-full size-full wp-image-1026\" alt=\"\" srcset=\"https:\/\/ethalis.fr\/wp-content\/uploads\/2025\/10\/ai-generated-9219369_1280.jpg 1280w, https:\/\/ethalis.fr\/wp-content\/uploads\/2025\/10\/ai-generated-9219369_1280-300x171.jpg 300w, https:\/\/ethalis.fr\/wp-content\/uploads\/2025\/10\/ai-generated-9219369_1280-1024x585.jpg 1024w, https:\/\/ethalis.fr\/wp-content\/uploads\/2025\/10\/ai-generated-9219369_1280-768x439.jpg 768w\" sizes=\"(max-width: 1280px) 100vw, 1280px\" \/>\t\t\t\t\t\t\t\t\t\t\t\t\t\t\t<\/div>\n\t\t\t\t\t<\/div>\n\t\t<\/div>\n\t\t\t\t\t<\/div>\n\t\t<\/section>\n\t\t\t\t<div class=\"elementor-element elementor-element-f4a1322 elementor-invisible elementor-widget elementor-widget-heading\" data-id=\"f4a1322\" data-element_type=\"widget\" data-e-type=\"widget\" data-settings=\"{&quot;_animation&quot;:&quot;fadeInLeft&quot;}\" data-widget_type=\"heading.default\">\n\t\t\t\t\t<h2 class=\"elementor-heading-title elementor-size-default\">Appui Externalis\u00e9 pour Cadres et Dirigeants<\/h2>\t\t\t\t<\/div>\n\t\t\t\t<div class=\"elementor-element elementor-element-67db1f7 elementor-invisible elementor-widget elementor-widget-heading\" data-id=\"67db1f7\" data-element_type=\"widget\" data-e-type=\"widget\" data-settings=\"{&quot;_animation&quot;:&quot;fadeInLeft&quot;}\" data-widget_type=\"heading.default\">\n\t\t\t\t\t<h3 class=\"elementor-heading-title elementor-size-default\">\nAvancez sereinement, sans vous \u00e9puiser<\/h3>\t\t\t\t<\/div>\n\t\t\t\t<div class=\"elementor-element elementor-element-02cf555 elementor-widget elementor-widget-text-editor\" data-id=\"02cf555\" data-element_type=\"widget\" data-e-type=\"widget\" data-widget_type=\"text-editor.default\">\n\t\t\t\t\t\t\t\t\t<p class=\"font-claude-response-body break-words whitespace-normal leading-[1.7]\">Dirigeants, chefs de service et cadres du secteur social et m\u00e9dico-social : face \u00e0 la pression constante du quotidien, un appui externalis\u00e9 est une r\u00e9ponse concr\u00e8te et souple lorsque vos ressources internes sont sous tension.<\/p><p class=\"font-claude-response-body break-words whitespace-normal leading-[1.7]\"><strong>\u00c9thalis Consult<\/strong> propose un soutien op\u00e9rationnel cibl\u00e9, ponctuel ou r\u00e9current. Cette flexibilit\u00e9 permet \u00e0 vos structures de rester performantes et agiles, sans engager de recrutement permanent.<\/p>\t\t\t\t\t\t\t\t<\/div>\n\t\t\t\t<div class=\"elementor-element elementor-element-102d2cc elementor-invisible elementor-widget elementor-widget-heading\" data-id=\"102d2cc\" data-element_type=\"widget\" data-e-type=\"widget\" data-settings=\"{&quot;_animation&quot;:&quot;fadeInLeft&quot;}\" data-widget_type=\"heading.default\">\n\t\t\t\t\t<h3 class=\"elementor-heading-title elementor-size-default\">\nCe qu'\u00c9thalis Consult peut faire pour vous<\/h3>\t\t\t\t<\/div>\n\t\t\t\t<div class=\"elementor-element elementor-element-b134924 elementor-widget elementor-widget-text-editor\" data-id=\"b134924\" data-element_type=\"widget\" data-e-type=\"widget\" data-widget_type=\"text-editor.default\">\n\t\t\t\t\t\t\t\t\t<p class=\"font-claude-response-body break-words whitespace-normal leading-[1.7]\">Les interventions s&rsquo;adaptent \u00e0 vos besoins r\u00e9els, qu&rsquo;il s&rsquo;agisse d&rsquo;une mission isol\u00e9e ou d&rsquo;un accompagnement dans la dur\u00e9e :<\/p><p class=\"font-claude-response-body break-words whitespace-normal leading-[1.7]\"><strong>Missions strat\u00e9giques et de d\u00e9veloppement<\/strong><\/p><ul class=\"[li_&amp;]:mb-0 [li_&amp;]:mt-1 [li_&amp;]:gap-1 [&amp;:not(:last-child)_ul]:pb-1 [&amp;:not(:last-child)_ol]:pb-1 list-disc flex flex-col gap-1 pl-8 mb-3\"><li class=\"whitespace-normal break-words pl-2\">R\u00e9flexion strat\u00e9gique et d\u00e9veloppement du projet d&rsquo;\u00e9tablissement<\/li><li class=\"whitespace-normal break-words pl-2\">Mise \u00e0 jour ou refonte du projet d&rsquo;\u00e9tablissement<\/li><li class=\"whitespace-normal break-words pl-2\">Suivi d&rsquo;une d\u00e9marche qualit\u00e9 et des \u00e9valuations internes<\/li><li class=\"whitespace-normal break-words pl-2\">Accompagnement d&rsquo;une r\u00e9organisation ou d&rsquo;une fusion de structures<\/li><\/ul><p class=\"font-claude-response-body break-words whitespace-normal leading-[1.7]\"><strong>Missions op\u00e9rationnelles et administratives<\/strong><\/p><ul class=\"[li_&amp;]:mb-0 [li_&amp;]:mt-1 [li_&amp;]:gap-1 [&amp;:not(:last-child)_ul]:pb-1 [&amp;:not(:last-child)_ol]:pb-1 list-disc flex flex-col gap-1 pl-8 mb-3\"><li class=\"whitespace-normal break-words pl-2\">Mise \u00e0 jour de fiches de postes, notes de proc\u00e9dure et autres documents internes<\/li><li class=\"whitespace-normal break-words pl-2\">R\u00e9daction ou actualisation du livret d&rsquo;accueil<\/li><li class=\"whitespace-normal break-words pl-2\">Cr\u00e9ation ou r\u00e9vision de tout document institutionnel <em>(sur demande, apr\u00e8s analyse et devis)<\/em><\/li><li class=\"whitespace-normal break-words pl-2\">Animation de r\u00e9unions d&rsquo;\u00e9quipe, de service ou de direction<\/li><li class=\"whitespace-normal break-words pl-2\">Appui au recrutement <em>(d\u00e9finition du profil, s\u00e9lection, entretiens)<\/em><\/li><\/ul><p class=\"font-claude-response-body break-words whitespace-normal leading-[1.7]\"><strong>Remplacement et r\u00e9cup\u00e9ration<\/strong><\/p><ul class=\"[li_&amp;]:mb-0 [li_&amp;]:mt-1 [li_&amp;]:gap-1 [&amp;:not(:last-child)_ul]:pb-1 [&amp;:not(:last-child)_ol]:pb-1 list-disc flex flex-col gap-1 pl-8 mb-3\"><li class=\"whitespace-normal break-words pl-2\">Remplacement hebdomadaire de cadre ou de chef de service, permettant un temps de r\u00e9cup\u00e9ration r\u00e9el et planifi\u00e9<\/li><li class=\"whitespace-normal break-words pl-2\">Prise en charge ponctuelle de la continuit\u00e9 de direction en cas de surcharge<\/li><\/ul>\t\t\t\t\t\t\t\t<\/div>\n\t\t\t\t<div class=\"elementor-element elementor-element-318e6fd elementor-invisible elementor-widget elementor-widget-heading\" data-id=\"318e6fd\" data-element_type=\"widget\" data-e-type=\"widget\" data-settings=\"{&quot;_animation&quot;:&quot;fadeInLeft&quot;}\" data-widget_type=\"heading.default\">\n\t\t\t\t\t<h3 class=\"elementor-heading-title elementor-size-default\">Pourquoi faire appel \u00e0 \u00c9thalis Consult ?<\/h3>\t\t\t\t<\/div>\n\t\t\t\t<div class=\"elementor-element elementor-element-a615324 elementor-widget elementor-widget-text-editor\" data-id=\"a615324\" data-element_type=\"widget\" data-e-type=\"widget\" data-widget_type=\"text-editor.default\">\n\t\t\t\t\t\t\t\t\t<p class=\"font-claude-response-body break-words whitespace-normal leading-[1.7]\">Recourir \u00e0 un appui externalis\u00e9, c&rsquo;est choisir une solution intelligente et protectrice pour votre organisation et vos \u00e9quipes :<\/p><p>&#8211; Un <strong>regard ext\u00e9rieur exp\u00e9riment\u00e9 et neutre<\/strong>, sans enjeux internes<\/p><p>&#8211; Une <strong>pr\u00e9vention active du burn-out<\/strong> pour les directeurs et cadres en poste<\/p><p>&#8211; Un <strong>temps de respiration concret<\/strong> : surcharge, r\u00e9cup\u00e9ration hebdomadaire<\/p><p><strong>&#8211; Z\u00e9ro recrutement pr\u00e9cipit\u00e9<\/strong>, z\u00e9ro co\u00fbt cach\u00e9<\/p><p>&#8211; Une r\u00e9duction des surco\u00fbts li\u00e9s \u00e0 l&rsquo;urgence <em>(int\u00e9rim, heures suppl\u00e9mentaires)<\/em><\/p><p>&#8211; Une <strong>s\u00e9curisation des d\u00e9cisions<\/strong> dans des contextes institutionnels complexes<\/p><p class=\"font-claude-response-body break-words whitespace-normal leading-[1.7]\">Chaque intervention est <strong>souple, strictement confidentielle et enti\u00e8rement sur mesure<\/strong>. Elle contribue \u00e0 rompre l&rsquo;isolement d\u00e9cisionnel et \u00e0 pr\u00e9server durablement la sant\u00e9 des \u00e9quipes d&rsquo;encadrement.<\/p>\t\t\t\t\t\t\t\t<\/div>\n\t\t\t\t<div class=\"elementor-element elementor-element-a0fcf6c elementor-invisible elementor-widget elementor-widget-heading\" data-id=\"a0fcf6c\" data-element_type=\"widget\" data-e-type=\"widget\" data-settings=\"{&quot;_animation&quot;:&quot;fadeInLeft&quot;}\" data-widget_type=\"heading.default\">\n\t\t\t\t\t<h3 class=\"elementor-heading-title elementor-size-default\">\nL'engagement d'\u00c9thalis Consult<\/h3>\t\t\t\t<\/div>\n\t\t\t\t<div class=\"elementor-element elementor-element-e10a892 elementor-widget elementor-widget-text-editor\" data-id=\"e10a892\" data-element_type=\"widget\" data-e-type=\"widget\" data-widget_type=\"text-editor.default\">\n\t\t\t\t\t\t\t\t\t<p>\u00c9thalis Consult intervient en <strong>partenaire de confiance<\/strong>, dans le respect total de votre organisation, avec une posture de loyaut\u00e9 et de coop\u00e9ration \u2014 pour un impact op\u00e9rationnel et strat\u00e9gique durable.<\/p>\t\t\t\t\t\t\t\t<\/div>\n\t\t\t\t<div class=\"elementor-element elementor-element-fd4e284 elementor-view-default elementor-widget elementor-widget-icon\" data-id=\"fd4e284\" data-element_type=\"widget\" data-e-type=\"widget\" data-widget_type=\"icon.default\">\n\t\t\t\t\t\t\t<div class=\"elementor-icon-wrapper\">\n\t\t\t<div class=\"elementor-icon\">\n\t\t\t<i aria-hidden=\"true\" class=\"icon icon-contact-form\"><\/i>\t\t\t<\/div>\n\t\t<\/div>\n\t\t\t\t\t\t<\/div>\n\t\t\t\t<div class=\"elementor-element elementor-element-44d7c56 elementor-widget elementor-widget-text-editor\" data-id=\"44d7c56\" data-element_type=\"widget\" data-e-type=\"widget\" data-widget_type=\"text-editor.default\">\n\t\t\t\t\t\t\t\t\t<p><b>Contactez \u00c9thalis Consult :<\/b> Contactez \u00c9thalis Consult pour toute demande d&rsquo;appui, quelle qu&rsquo;en soit l&rsquo;\u00e9chelle. Une <strong>analyse approfondie de votre situation<\/strong> est r\u00e9alis\u00e9e pour proposer une r\u00e9ponse individualis\u00e9e, adapt\u00e9e \u00e0 vos enjeux sp\u00e9cifiques et \u00e0 vos contraintes de terrain.<\/p>\t\t\t\t\t\t\t\t<\/div>\n\t\t\t\t<div class=\"elementor-element elementor-element-72a3048 elementor-tablet-align-center elementor-align-center elementor-mobile-align-justify elementor-widget elementor-widget-button\" data-id=\"72a3048\" data-element_type=\"widget\" data-e-type=\"widget\" data-widget_type=\"button.default\">\n\t\t\t\t\t\t\t\t\t\t<a class=\"elementor-button elementor-button-link elementor-size-sm elementor-animation-float\" href=\"https:\/\/ethalis.fr\/index.php\/contact-us\/\">\n\t\t\t\t\t\t<span class=\"elementor-button-content-wrapper\">\n\t\t\t\t\t\t\t\t\t<span class=\"elementor-button-text\">Contact <\/span>\n\t\t\t\t\t<\/span>\n\t\t\t\t\t<\/a>\n\t\t\t\t\t\t\t\t<\/div>\n\t\t\t\t\t<\/div>\n\t\t<\/div>\n\t\t\t\t\t<\/div>\n\t\t<\/section>\n\t\t\t\t<\/div>\n\t\t","protected":false},"excerpt":{"rendered":"<p>Appui Externalis\u00e9 pour Cadres et Dirigeants Avancez sereinement, sans vous \u00e9puiser Dirigeants, chefs de service et cadres du secteur social et m\u00e9dico-social : face \u00e0 la pression constante du quotidien, un appui externalis\u00e9 est une r\u00e9ponse concr\u00e8te et souple lorsque vos ressources internes sont sous tension. \u00c9thalis Consult propose un soutien op\u00e9rationnel cibl\u00e9, ponctuel ou [&hellip;]<\/p>\n","protected":false},"author":2,"featured_media":0,"parent":0,"menu_order":0,"comment_status":"closed","ping_status":"closed","template":"elementor_header_footer","meta":{"footnotes":""},"class_list":["post-858","page","type-page","status-publish","hentry"],"_links":{"self":[{"href":"https:\/\/ethalis.fr\/index.php\/wp-json\/wp\/v2\/pages\/858","targetHints":{"allow":["GET"]}}],"collection":[{"href":"https:\/\/ethalis.fr\/index.php\/wp-json\/wp\/v2\/pages"}],"about":[{"href":"https:\/\/ethalis.fr\/index.php\/wp-json\/wp\/v2\/types\/page"}],"author":[{"embeddable":true,"href":"https:\/\/ethalis.fr\/index.php\/wp-json\/wp\/v2\/users\/2"}],"replies":[{"embeddable":true,"href":"https:\/\/ethalis.fr\/index.php\/wp-json\/wp\/v2\/comments?post=858"}],"version-history":[{"count":22,"href":"https:\/\/ethalis.fr\/index.php\/wp-json\/wp\/v2\/pages\/858\/revisions"}],"predecessor-version":[{"id":1401,"href":"https:\/\/ethalis.fr\/index.php\/wp-json\/wp\/v2\/pages\/858\/revisions\/1401"}],"wp:attachment":[{"href":"https:\/\/ethalis.fr\/index.php\/wp-json\/wp\/v2\/media?parent=858"}],"curies":[{"name":"wp","href":"https:\/\/api.w.org\/{rel}","templated":true}]}}